{"id":82,"date":"2021-10-15T11:43:33","date_gmt":"2021-10-15T11:43:33","guid":{"rendered":"https:\/\/www.csos-cssi.cz\/?page_id=82"},"modified":"2021-10-22T08:48:05","modified_gmt":"2021-10-22T08:48:05","slug":"o-nas","status":"publish","type":"page","link":"https:\/\/www.csos-cssi.cz\/index.php\/o-nas\/","title":{"rendered":"O n\u00e1s"},"content":{"rendered":"\t\t<div data-elementor-type=\"wp-page\" data-elementor-id=\"82\" class=\"elementor elementor-82\">\n\t\t\t\t\t\t\t\t\t<section class=\"elementor-section elementor-top-section elementor-element elementor-element-fb1336d elementor-section-height-min-height elementor-section-boxed elementor-section-height-default elementor-section-items-middle\" data-id=\"fb1336d\" data-element_type=\"section\" data-settings=\"{&quot;background_background&quot;:&quot;classic&quot;}\">\n\t\t\t\t\t\t\t<div class=\"elementor-background-overlay\"><\/div>\n\t\t\t\t\t\t\t<div class=\"elementor-container elementor-column-gap-default\">\n\t\t\t\t\t<div class=\"elementor-column elementor-col-100 elementor-top-column elementor-element elementor-element-a832358\" data-id=\"a832358\" data-element_type=\"column\">\n\t\t\t<div class=\"elementor-widget-wrap elementor-element-populated\">\n\t\t\t\t\t\t\t\t<div class=\"elementor-element elementor-element-67111e4 elementor-widget elementor-widget-heading\" data-id=\"67111e4\" data-element_type=\"widget\" data-widget_type=\"heading.default\">\n\t\t\t\t<div class=\"elementor-widget-container\">\n\t\t\t<style>\/*! elementor - v3.8.1 - 13-11-2022 *\/\n.elementor-heading-title{padding:0;margin:0;line-height:1}.elementor-widget-heading .elementor-heading-title[class*=elementor-size-]>a{color:inherit;font-size:inherit;line-height:inherit}.elementor-widget-heading .elementor-heading-title.elementor-size-small{font-size:15px}.elementor-widget-heading .elementor-heading-title.elementor-size-medium{font-size:19px}.elementor-widget-heading .elementor-heading-title.elementor-size-large{font-size:29px}.elementor-widget-heading .elementor-heading-title.elementor-size-xl{font-size:39px}.elementor-widget-heading .elementor-heading-title.elementor-size-xxl{font-size:59px}<\/style><h2 class=\"elementor-heading-title elementor-size-default\">O n\u00e1s<\/h2>\t\t<\/div>\n\t\t\t\t<\/div>\n\t\t\t\t\t<\/div>\n\t\t<\/div>\n\t\t\t\t\t\t\t<\/div>\n\t\t<\/section>\n\t\t\t\t<section class=\"elementor-section elementor-top-section elementor-element elementor-element-b4eb387 elementor-section-boxed elementor-section-height-default elementor-section-height-default\" data-id=\"b4eb387\" data-element_type=\"section\">\n\t\t\t\t\t\t<div class=\"elementor-container elementor-column-gap-default\">\n\t\t\t\t\t<div class=\"elementor-column elementor-col-33 elementor-top-column elementor-element elementor-element-7219bfa\" data-id=\"7219bfa\" data-element_type=\"column\">\n\t\t\t<div class=\"elementor-widget-wrap elementor-element-populated\">\n\t\t\t\t\t\t\t\t<div class=\"elementor-element elementor-element-0eb132c elementor-widget elementor-widget-heading\" data-id=\"0eb132c\" data-element_type=\"widget\" data-widget_type=\"heading.default\">\n\t\t\t\t<div class=\"elementor-widget-container\">\n\t\t\t<h2 class=\"elementor-heading-title elementor-size-default\">Historie spolku<\/h2>\t\t<\/div>\n\t\t\t\t<\/div>\n\t\t\t\t<div class=\"elementor-element elementor-element-c48a929 elementor-widget elementor-widget-text-editor\" data-id=\"c48a929\" data-element_type=\"widget\" data-widget_type=\"text-editor.default\">\n\t\t\t\t<div class=\"elementor-widget-container\">\n\t\t\t<style>\/*! elementor - v3.8.1 - 13-11-2022 *\/\n.elementor-widget-text-editor.elementor-drop-cap-view-stacked .elementor-drop-cap{background-color:#818a91;color:#fff}.elementor-widget-text-editor.elementor-drop-cap-view-framed .elementor-drop-cap{color:#818a91;border:3px solid;background-color:transparent}.elementor-widget-text-editor:not(.elementor-drop-cap-view-default) .elementor-drop-cap{margin-top:8px}.elementor-widget-text-editor:not(.elementor-drop-cap-view-default) .elementor-drop-cap-letter{width:1em;height:1em}.elementor-widget-text-editor .elementor-drop-cap{float:left;text-align:center;line-height:1;font-size:50px}.elementor-widget-text-editor .elementor-drop-cap-letter{display:inline-block}<\/style>\t\t\t\t<p>N\u00e1\u0161 spolek pro odvlh\u010dov\u00e1n\u00ed staveb zalo\u017eil v roce XY v\u00fdznamn\u00fd \u010desk\u00fd odborn\u00edk a projektant v oboru sanace vlhk\u00e9ho zdiva Ing. Michael Bal\u00edk, CSc. Nejprve tato skv\u011bl\u00e1 my\u0161lenka spojila u\u017e\u0161\u00ed okruh specialist\u016f a svou postupnou aktivitou k sob\u011b p\u0159idru\u017eovala i dal\u0161\u00ed odborn\u00edky s dlouhodob\u00fdmi praktick\u00fdmi zku\u0161enosti v oblasti odvlh\u010dov\u00e1n\u00ed staveb.<\/p>\t\t\t\t\t\t<\/div>\n\t\t\t\t<\/div>\n\t\t\t\t\t<\/div>\n\t\t<\/div>\n\t\t\t\t<div class=\"elementor-column elementor-col-33 elementor-top-column elementor-element elementor-element-246e6a2\" data-id=\"246e6a2\" data-element_type=\"column\">\n\t\t\t<div class=\"elementor-widget-wrap elementor-element-populated\">\n\t\t\t\t\t\t\t\t<div class=\"elementor-element elementor-element-42f7b65 elementor-widget elementor-widget-heading\" data-id=\"42f7b65\" data-element_type=\"widget\" data-widget_type=\"heading.default\">\n\t\t\t\t<div class=\"elementor-widget-container\">\n\t\t\t<h2 class=\"elementor-heading-title elementor-size-default\">Co d\u011bl\u00e1me<\/h2>\t\t<\/div>\n\t\t\t\t<\/div>\n\t\t\t\t<div class=\"elementor-element elementor-element-5cc7fc7 elementor-widget elementor-widget-text-editor\" data-id=\"5cc7fc7\" data-element_type=\"widget\" data-widget_type=\"text-editor.default\">\n\t\t\t\t<div class=\"elementor-widget-container\">\n\t\t\t\t\t\t\t<p>Jsme specialist\u00e9 na odvlh\u010dov\u00e1n\u00ed staveb a zam\u011b\u0159ujeme se p\u0159edev\u0161\u00edm na historick\u00e9 a pam\u00e1tkov\u011b chr\u00e1n\u011bn\u00e9 objekty. Pravideln\u011b organizujeme jednor\u00e1zov\u00e9 workshopy i v\u00edcedenn\u00ed exkurze po historick\u00fdch a pam\u00e1tkov\u00fdch objektech v \u010cesk\u00e9 republice a na Slovensku. V\u017edy vyb\u00edr\u00e1me aktu\u00e1ln\u00ed a d\u016fle\u017eit\u00e1 oborov\u00e1 t\u00e9mata, zam\u011b\u0159ujeme se na praktick\u00e9 vyu\u017eit\u00ed sana\u010dn\u00edch metod a technologi\u00ed na referen\u010dn\u00edch stavb\u00e1ch, kdy posuzujeme \u00fa\u010dinnost navr\u017een\u00fdch sana\u010dn\u00edch opat\u0159en\u00ed p\u0159\u00edmo v praxi.<\/p>\t\t\t\t\t\t<\/div>\n\t\t\t\t<\/div>\n\t\t\t\t\t<\/div>\n\t\t<\/div>\n\t\t\t\t<div class=\"elementor-column elementor-col-33 elementor-top-column elementor-element elementor-element-fdbeea6\" data-id=\"fdbeea6\" data-element_type=\"column\">\n\t\t\t<div class=\"elementor-widget-wrap elementor-element-populated\">\n\t\t\t\t\t\t\t\t<div class=\"elementor-element elementor-element-5926486 elementor-widget elementor-widget-heading\" data-id=\"5926486\" data-element_type=\"widget\" data-widget_type=\"heading.default\">\n\t\t\t\t<div class=\"elementor-widget-container\">\n\t\t\t<h2 class=\"elementor-heading-title elementor-size-default\">S k\u00fdm spolupracujeme<\/h2>\t\t<\/div>\n\t\t\t\t<\/div>\n\t\t\t\t<div class=\"elementor-element elementor-element-6baf099 elementor-widget elementor-widget-text-editor\" data-id=\"6baf099\" data-element_type=\"widget\" data-widget_type=\"text-editor.default\">\n\t\t\t\t<div class=\"elementor-widget-container\">\n\t\t\t\t\t\t\t<p>Nejsme na to sami. V na\u0161em kolektivu p\u016fsob\u00ed hned n\u011bkolik erudovan\u00fdch odborn\u00edk\u016f, kte\u0159\u00ed zkoumaj\u00ed a p\u0159edn\u00e1\u0161\u00ed na akademick\u00e9 p\u016fd\u011b, ale i v oblasti legislativy a stavebn\u00edho pr\u00e1va.<\/p>\t\t\t\t\t\t<\/div>\n\t\t\t\t<\/div>\n\t\t\t\t\t<\/div>\n\t\t<\/div>\n\t\t\t\t\t\t\t<\/div>\n\t\t<\/section>\n\t\t\t\t<section class=\"elementor-section elementor-top-section elementor-element elementor-element-ebe92b6 elementor-section-boxed elementor-section-height-default elementor-section-height-default\" data-id=\"ebe92b6\" data-element_type=\"section\">\n\t\t\t\t\t\t<div class=\"elementor-container elementor-column-gap-default\">\n\t\t\t\t\t<div class=\"elementor-column elementor-col-100 elementor-top-column elementor-element elementor-element-58b5230\" data-id=\"58b5230\" data-element_type=\"column\" data-settings=\"{&quot;background_background&quot;:&quot;classic&quot;}\">\n\t\t\t<div class=\"elementor-widget-wrap elementor-element-populated\">\n\t\t\t\t\t<div class=\"elementor-background-overlay\"><\/div>\n\t\t\t\t\t\t\t\t<section class=\"elementor-section elementor-inner-section elementor-element elementor-element-0ebf1b7 elementor-section-boxed elementor-section-height-default elementor-section-height-default\" data-id=\"0ebf1b7\" data-element_type=\"section\" data-settings=\"{&quot;background_background&quot;:&quot;classic&quot;}\">\n\t\t\t\t\t\t<div class=\"elementor-container elementor-column-gap-default\">\n\t\t\t\t\t<div class=\"elementor-column elementor-col-100 elementor-inner-column elementor-element elementor-element-7da8ea5\" data-id=\"7da8ea5\" data-element_type=\"column\">\n\t\t\t<div class=\"elementor-widget-wrap elementor-element-populated\">\n\t\t\t\t\t\t\t\t<div class=\"elementor-element elementor-element-4a4b887 elementor-widget elementor-widget-heading\" data-id=\"4a4b887\" data-element_type=\"widget\" data-widget_type=\"heading.default\">\n\t\t\t\t<div class=\"elementor-widget-container\">\n\t\t\t<h2 class=\"elementor-heading-title elementor-size-default\">Na\u0161e mise <\/h2>\t\t<\/div>\n\t\t\t\t<\/div>\n\t\t\t\t<div class=\"elementor-element elementor-element-7c69809 elementor-widget elementor-widget-text-editor\" data-id=\"7c69809\" data-element_type=\"widget\" data-widget_type=\"text-editor.default\">\n\t\t\t\t<div class=\"elementor-widget-container\">\n\t\t\t\t\t\t\t<ul><li>Rozv\u00edjen\u00ed odborn\u00e9 \u00farovn\u011b oboru sanace vlhk\u00e9ho zdiva a odvl\u010dov\u00e1n\u00ed staveb<\/li><li>Rozv\u00edjen\u00ed odborn\u00e9 i etick\u00e9 \u00farovn\u011b \u010dlen\u016f spolku pro odvlh\u010dov\u00e1n\u00ed staveb<\/li><li>Spolupr\u00e1ce s \u010ceskou komorou autorizovan\u00fdch in\u017een\u00fdr\u016f a technik\u016f \u010dinn\u00fdch ve v\u00fdstavb\u011b (\u010cKAIT), zejm\u00e9na ve sf\u00e9\u0159e p\u0159\u00edpravy na autoriza\u010dn\u00ed zkou\u0161ky<\/li><li>Koordinace \u010dinnosti z\u00e1jmov\u00fdch skupin, kter\u00e9 se organizuj\u00ed v z\u00e1jmu v\u00fdkonu sv\u00e9 specifick\u00e9 \u010dinnosti a hl\u00e1s\u00ed se k profesn\u00edmu oboru\u00a0 sanace vlhk\u00e9ho zdiva<\/li><li>Poskytov\u00e1n\u00ed platformy pro odbornou, obsahovou i form\u00e1ln\u00ed koordinaci p\u0159i po\u0159\u00e1d\u00e1n\u00ed semin\u00e1\u0159\u016f a konferenc\u00ed v\u0161ech z\u00e1jmov\u00fdch skupin, garantov\u00e1n\u00ed odborn\u00e9 n\u00e1pln\u011b t\u011bchto akc\u00ed.<\/li><li>H\u00e1jen\u00ed profesn\u00edch z\u00e1jm\u016f sv\u00fdch \u010dlen\u016f a oboru jako celku a jeho reprezentace v\u016f\u010di v\u0161em org\u00e1n\u016fm st\u00e1tn\u00ed spr\u00e1vy.<\/li><li>Poskytov\u00e1n\u00ed odborn\u00e9, expertn\u00ed a poradensk\u00e9 pomoci org\u00e1n\u016fm st\u00e1tn\u00ed spr\u00e1vy a podnikatelsk\u00e9 sf\u00e9\u0159e<\/li><li>\u00da\u010dast v legislativn\u00ed a normotvorn\u00e9 \u010dinnosti ve v\u0161ech sf\u00e9r\u00e1ch, kter\u00e9 se dot\u00fdkaj\u00ed oboru sanace vlhk\u00e9ho zdiva a jeho z\u00e1jmu v \u010cR i v zahrani\u010d\u00ed.<\/li><li>Spolupr\u00e1ce s vysok\u00fdmi i odborn\u00fdmi \u0161kolami p\u0159i v\u00fduce oboru sanace vlhk\u00e9ho zdiva<\/li><\/ul>\t\t\t\t\t\t<\/div>\n\t\t\t\t<\/div>\n\t\t\t\t\t<\/div>\n\t\t<\/div>\n\t\t\t\t\t\t\t<\/div>\n\t\t<\/section>\n\t\t\t\t\t<\/div>\n\t\t<\/div>\n\t\t\t\t\t\t\t<\/div>\n\t\t<\/section>\n\t\t\t\t<section class=\"elementor-section elementor-top-section elementor-element elementor-element-d063a50 elementor-section-boxed elementor-section-height-default elementor-section-height-default\" data-id=\"d063a50\" data-element_type=\"section\">\n\t\t\t\t\t\t<div class=\"elementor-container elementor-column-gap-default\">\n\t\t\t\t\t<div class=\"elementor-column elementor-col-100 elementor-top-column elementor-element elementor-element-cac683f\" data-id=\"cac683f\" data-element_type=\"column\">\n\t\t\t<div class=\"elementor-widget-wrap elementor-element-populated\">\n\t\t\t\t\t\t\t\t<div class=\"elementor-element elementor-element-ddf77a8 elementor-widget__width-auto elementor-widget elementor-widget-text-editor\" data-id=\"ddf77a8\" data-element_type=\"widget\" data-widget_type=\"text-editor.default\">\n\t\t\t\t<div class=\"elementor-widget-container\">\n\t\t\t\t\t\t\t<p><strong>\u0158e\u0161\u00edte probl\u00e9m s vlhkost\u00ed na sv\u00e9m dom\u011b, kostele nebo pam\u00e1tce?<\/strong> <br \/>Napi\u0161te n\u00e1m, je to nez\u00e1vazn\u00e9 a jist\u011b pro V\u00e1s najdeme spolehliv\u00e9 \u0159e\u0161en\u00ed.<\/p>\t\t\t\t\t\t<\/div>\n\t\t\t\t<\/div>\n\t\t\t\t<div class=\"elementor-element elementor-element-1cce7ca elementor-widget__width-auto elementor-widget elementor-widget-button\" data-id=\"1cce7ca\" data-element_type=\"widget\" data-widget_type=\"button.default\">\n\t\t\t\t<div class=\"elementor-widget-container\">\n\t\t\t\t\t<div class=\"elementor-button-wrapper\">\n\t\t\t<a href=\"#\" class=\"elementor-button-link elementor-button elementor-size-sm\" role=\"button\">\n\t\t\t\t\t\t<span class=\"elementor-button-content-wrapper\">\n\t\t\t\t\t\t<span class=\"elementor-button-text\">Chci po\u017e\u00e1dat o radu<\/span>\n\t\t<\/span>\n\t\t\t\t\t<\/a>\n\t\t<\/div>\n\t\t\t\t<\/div>\n\t\t\t\t<\/div>\n\t\t\t\t\t<\/div>\n\t\t<\/div>\n\t\t\t\t\t\t\t<\/div>\n\t\t<\/section>\n\t\t\t\t\t\t\t<\/div>\n\t\t","protected":false},"excerpt":{"rendered":"<p>O n\u00e1s Historie spolku N\u00e1\u0161 spolek pro odvlh\u010dov\u00e1n\u00ed staveb zalo\u017eil v roce XY v\u00fdznamn\u00fd \u010desk\u00fd odborn\u00edk a projektant v oboru sanace vlhk\u00e9ho zdiva Ing. Michael Bal\u00edk, CSc. Nejprve tato skv\u011bl\u00e1 my\u0161lenka spojila u\u017e\u0161\u00ed okruh specialist\u016f a svou postupnou aktivitou k sob\u011b p\u0159idru\u017eovala i dal\u0161\u00ed odborn\u00edky s dlouhodob\u00fdmi praktick\u00fdmi zku\u0161enosti v oblasti odvlh\u010dov\u00e1n\u00ed staveb. Co d\u011bl\u00e1me [&hellip;]<\/p>\n","protected":false},"author":1,"featured_media":0,"parent":0,"menu_order":0,"comment_status":"closed","ping_status":"closed","template":"elementor_header_footer","meta":[],"_links":{"self":[{"href":"https:\/\/www.csos-cssi.cz\/index.php\/wp-json\/wp\/v2\/pages\/82"}],"collection":[{"href":"https:\/\/www.csos-cssi.cz\/index.php\/wp-json\/wp\/v2\/pages"}],"about":[{"href":"https:\/\/www.csos-cssi.cz\/index.php\/wp-json\/wp\/v2\/types\/page"}],"author":[{"embeddable":true,"href":"https:\/\/www.csos-cssi.cz\/index.php\/wp-json\/wp\/v2\/users\/1"}],"replies":[{"embeddable":true,"href":"https:\/\/www.csos-cssi.cz\/index.php\/wp-json\/wp\/v2\/comments?post=82"}],"version-history":[{"count":28,"href":"https:\/\/www.csos-cssi.cz\/index.php\/wp-json\/wp\/v2\/pages\/82\/revisions"}],"predecessor-version":[{"id":253,"href":"https:\/\/www.csos-cssi.cz\/index.php\/wp-json\/wp\/v2\/pages\/82\/revisions\/253"}],"wp:attachment":[{"href":"https:\/\/www.csos-cssi.cz\/index.php\/wp-json\/wp\/v2\/media?parent=82"}],"curies":[{"name":"wp","href":"https:\/\/api.w.org\/{rel}","templated":true}]}}