{"id":9,"date":"2021-10-15T11:11:12","date_gmt":"2021-10-15T11:11:12","guid":{"rendered":"https:\/\/www.csos-cssi.cz\/?page_id=9"},"modified":"2023-05-25T14:10:12","modified_gmt":"2023-05-25T14:10:12","slug":"csos-cssi","status":"publish","type":"page","link":"https:\/\/www.csos-cssi.cz\/","title":{"rendered":"\u010cSOS p\u0159i \u010cSSI"},"content":{"rendered":"<h2>\u010cesk\u00fd spolek pro odvlh\u010dov\u00e1n\u00ed staveb<\/h2>\n<p>\u010cSOS je zkratka pro \u010cesk\u00fd spolek pro odvlh\u010dov\u00e1n\u00ed staveb, kter\u00fd funguje pod z\u00e1\u0161titou Spolku in\u017een\u00fdr\u016f a architekt\u016f (\u010cesk\u00e9ho svazu stavebn\u00edch in\u017een\u00fdr\u016f). Jsme organizace profesn\u011b zam\u011b\u0159en\u00fdch lid\u00ed ve stavebnictv\u00ed a architektu\u0159e a spolupracujeme s oborov\u00fdmi akademick\u00fdmi subjekty, kte\u0159\u00ed poskytuj\u00ed u\u017eite\u010dn\u00e9 v\u00fdstupy pro odbornou i laickou ve\u0159ejnost.<\/p>\n<p>V na\u0161em spolku si navz\u00e1jem p\u0159ed\u00e1v\u00e1me sv\u00e9 odborn\u00e9 zku\u0161enosti na pravideln\u00fdch tematick\u00fdch exkurz\u00edch, semin\u00e1\u0159\u00edch a workshopech.<\/p>\n<p>Ka\u017ed\u00fd z n\u00e1s se dlouhodob\u011b zam\u011b\u0159uje na ur\u010ditou \u010d\u00e1st oboru sanace vlhk\u00e9ho zdiva. Spole\u010dn\u011b jsme V\u00e1m tak schopni prakticky poradit s jak\u00fdmkoliv vlhkostn\u00edm probl\u00e9mem na Va\u0161em objektu &#8211; <b>a\u0165 u\u017e jste majitel domu, far\u00e1\u0159 nebo spr\u00e1vce pam\u00e1tky.<\/b><\/p>\n<p><img decoding=\"async\" loading=\"lazy\" src=\"http:\/\/www.csos-cssi.cz\/wp-content\/uploads\/2021\/10\/uvodni_foto.png\" sizes=\"(max-width: 401px) 100vw, 401px\" srcset=\"https:\/\/www.csos-cssi.cz\/wp-content\/uploads\/2021\/10\/uvodni_foto.png 401w, https:\/\/www.csos-cssi.cz\/wp-content\/uploads\/2021\/10\/uvodni_foto-189x300.png 189w\" alt=\"\" width=\"401\" height=\"635\" \/><\/p>\n<p><img decoding=\"async\" loading=\"lazy\" class=\"alignnone wp-image-289 size-large\" src=\"http:\/\/www.csos-cssi.cz\/wp-content\/uploads\/2023\/05\/WhatsApp-Image-2023-05-23-at-20.38.12-768x1024.jpeg\" alt=\"\" width=\"768\" height=\"1024\" srcset=\"https:\/\/www.csos-cssi.cz\/wp-content\/uploads\/2023\/05\/WhatsApp-Image-2023-05-23-at-20.38.12-768x1024.jpeg 768w, https:\/\/www.csos-cssi.cz\/wp-content\/uploads\/2023\/05\/WhatsApp-Image-2023-05-23-at-20.38.12-225x300.jpeg 225w, https:\/\/www.csos-cssi.cz\/wp-content\/uploads\/2023\/05\/WhatsApp-Image-2023-05-23-at-20.38.12-1152x1536.jpeg 1152w, https:\/\/www.csos-cssi.cz\/wp-content\/uploads\/2023\/05\/WhatsApp-Image-2023-05-23-at-20.38.12.jpeg 1200w\" sizes=\"(max-width: 768px) 100vw, 768px\" \/><\/p>\n<p>kr\u00e1tk\u00fd koment\u00e1\u0159<\/p>\n<p><strong>Ing. Michael Bal\u00edk, CSc.<\/strong><br \/>p\u0159edseda spolku<\/p>\n<p><img decoding=\"async\" loading=\"lazy\" src=\"http:\/\/www.csos-cssi.cz\/wp-content\/uploads\/2021\/10\/razitko_navrh.png\" alt=\"\" width=\"121\" height=\"121\" \/><\/p>\n<h2>OBOROV\u00c9 AKCE<\/h2>\n<p><strong>\u0158e\u0161\u00edte probl\u00e9m s vlhkost\u00ed na sv\u00e9m dom\u011b, kostele nebo pam\u00e1tce?<\/strong> <br \/>Napi\u0161te n\u00e1m, je to nez\u00e1vazn\u00e9 a jist\u011b pro V\u00e1s najdeme spolehliv\u00e9 \u0159e\u0161en\u00ed.<\/p>\n<p><a role=\"button\" href=\"#\"><br \/>Chci po\u017e\u00e1dat o radu<br \/><\/a><\/p>\n\n\n<figure class=\"wp-block-image\"><img alt=\"\"\/><\/figure>\n\n\n\n<figure class=\"wp-block-image\"><img alt=\"\"\/><\/figure>\n\n\n\n<figure class=\"wp-block-image\"><img alt=\"\"\/><\/figure>\n\n\n\n<figure class=\"is-layout-flex wp-block-gallery-1 wp-block-gallery has-nested-images columns-default is-cropped\"><\/figure>\n\n\n\n<figure class=\"is-layout-flex wp-block-gallery-3 wp-block-gallery has-nested-images columns-default is-cropped\"><\/figure>\n\n\n\n<figure class=\"wp-block-image\"><img alt=\"\"\/><\/figure>\n\n\n\n<figure class=\"wp-block-image\"><img alt=\"\"\/><\/figure>\n\n\n\n<figure class=\"wp-block-image\"><img alt=\"\"\/><\/figure>\n\n\n\n<figure class=\"is-layout-flex wp-block-gallery-5 wp-block-gallery has-nested-images columns-default is-cropped\">\n<figure class=\"wp-block-image size-large\"><img decoding=\"async\" loading=\"lazy\" width=\"768\" height=\"1024\" data-id=\"289\"  src=\"https:\/\/www.csos-cssi.cz\/wp-content\/uploads\/2023\/05\/WhatsApp-Image-2023-05-23-at-20.38.12-768x1024.jpeg\" alt=\"\" class=\"wp-image-289\" srcset=\"https:\/\/www.csos-cssi.cz\/wp-content\/uploads\/2023\/05\/WhatsApp-Image-2023-05-23-at-20.38.12-768x1024.jpeg 768w, https:\/\/www.csos-cssi.cz\/wp-content\/uploads\/2023\/05\/WhatsApp-Image-2023-05-23-at-20.38.12-225x300.jpeg 225w, https:\/\/www.csos-cssi.cz\/wp-content\/uploads\/2023\/05\/WhatsApp-Image-2023-05-23-at-20.38.12-1152x1536.jpeg 1152w, https:\/\/www.csos-cssi.cz\/wp-content\/uploads\/2023\/05\/WhatsApp-Image-2023-05-23-at-20.38.12.jpeg 1200w\" sizes=\"(max-width: 768px) 100vw, 768px\" \/><\/figure>\n<\/figure>\n","protected":false},"excerpt":{"rendered":"<p>\u010cesk\u00fd spolek pro odvlh\u010dov\u00e1n\u00ed staveb \u010cSOS je zkratka pro \u010cesk\u00fd spolek pro odvlh\u010dov\u00e1n\u00ed staveb, kter\u00fd funguje pod z\u00e1\u0161titou Spolku in\u017een\u00fdr\u016f a architekt\u016f (\u010cesk\u00e9ho svazu stavebn\u00edch in\u017een\u00fdr\u016f). Jsme organizace profesn\u011b zam\u011b\u0159en\u00fdch lid\u00ed ve stavebnictv\u00ed a architektu\u0159e a spolupracujeme s oborov\u00fdmi akademick\u00fdmi subjekty, kte\u0159\u00ed poskytuj\u00ed u\u017eite\u010dn\u00e9 v\u00fdstupy pro odbornou i laickou ve\u0159ejnost. V na\u0161em spolku si navz\u00e1jem [&hellip;]<\/p>\n","protected":false},"author":1,"featured_media":0,"parent":0,"menu_order":0,"comment_status":"closed","ping_status":"closed","template":"elementor_header_footer","meta":[],"_links":{"self":[{"href":"https:\/\/www.csos-cssi.cz\/index.php\/wp-json\/wp\/v2\/pages\/9"}],"collection":[{"href":"https:\/\/www.csos-cssi.cz\/index.php\/wp-json\/wp\/v2\/pages"}],"about":[{"href":"https:\/\/www.csos-cssi.cz\/index.php\/wp-json\/wp\/v2\/types\/page"}],"author":[{"embeddable":true,"href":"https:\/\/www.csos-cssi.cz\/index.php\/wp-json\/wp\/v2\/users\/1"}],"replies":[{"embeddable":true,"href":"https:\/\/www.csos-cssi.cz\/index.php\/wp-json\/wp\/v2\/comments?post=9"}],"version-history":[{"count":87,"href":"https:\/\/www.csos-cssi.cz\/index.php\/wp-json\/wp\/v2\/pages\/9\/revisions"}],"predecessor-version":[{"id":290,"href":"https:\/\/www.csos-cssi.cz\/index.php\/wp-json\/wp\/v2\/pages\/9\/revisions\/290"}],"wp:attachment":[{"href":"https:\/\/www.csos-cssi.cz\/index.php\/wp-json\/wp\/v2\/media?parent=9"}],"curies":[{"name":"wp","href":"https:\/\/api.w.org\/{rel}","templated":true}]}}